{"id":10636,"date":"2023-12-05T12:23:11","date_gmt":"2023-12-05T09:23:11","guid":{"rendered":"https:\/\/www.galvaniz.com\/?page_id=10636"},"modified":"2024-03-14T10:15:05","modified_gmt":"2024-03-14T07:15:05","slug":"insan-kaynaklari-politikamiz","status":"publish","type":"page","link":"https:\/\/www.galvaniz.com\/de\/insan-kaynaklari-politikamiz\/","title":{"rendered":"Unsere Personalpolitik"},"content":{"rendered":"<div data-elementor-type=\"wp-page\" data-elementor-id=\"10636\" class=\"elementor elementor-10636\">\n\t\t\t\t<div class=\"elementor-element elementor-element-1adab72 e-con-full elementor-hidden-mobile e-flex e-con e-parent\" data-id=\"1adab72\" data-element_type=\"container\" data-e-type=\"container\" data-settings=\"{&quot;background_background&quot;:&quot;classic&quot;}\">\n\t\t\t\t<div class=\"elementor-element elementor-element-846d021 elementor-hidden-mobile elementor-widget elementor-widget-heading\" data-id=\"846d021\" data-element_type=\"widget\" data-e-type=\"widget\" data-widget_type=\"heading.default\">\n\t\t\t\t<div class=\"elementor-widget-container\">\n\t\t\t\t\t<h2 class=\"elementor-heading-title elementor-size-default\">Unsere Personalpolitik<\/h2>\t\t\t\t<\/div>\n\t\t\t\t<\/div>\n\t\t\t\t<\/div>\n\t\t<div class=\"elementor-element elementor-element-9121650 e-flex e-con-boxed e-con e-parent\" data-id=\"9121650\" data-element_type=\"container\" data-e-type=\"container\">\n\t\t\t\t\t<div class=\"e-con-inner\">\n\t\t\t\t<div class=\"elementor-element elementor-element-1e49b98 elementor-widget elementor-widget-nav-menu\" data-id=\"1e49b98\" data-element_type=\"widget\" data-e-type=\"widget\" data-widget_type=\"nav-menu.default\">\n\t\t\t\t<div class=\"elementor-widget-container\">\n\t\t\t\t\t \t\t\t\t<\/div>\n\t\t\t\t<\/div>\n\t\t\t\t\t<\/div>\n\t\t\t\t<\/div>\n\t\t<div class=\"elementor-element elementor-element-25469846 e-flex e-con-boxed e-con e-parent\" data-id=\"25469846\" data-element_type=\"container\" data-e-type=\"container\">\n\t\t\t\t\t<div class=\"e-con-inner\">\n\t\t\t\t<div class=\"elementor-element elementor-element-063eeea elementor-widget elementor-widget-heading\" data-id=\"063eeea\" data-element_type=\"widget\" data-e-type=\"widget\" data-widget_type=\"heading.default\">\n\t\t\t\t<div class=\"elementor-widget-container\">\n\t\t\t\t\t<h2 class=\"elementor-heading-title elementor-size-default\">Unsere Personalpolitik<\/h2>\t\t\t\t<\/div>\n\t\t\t\t<\/div>\n\t\t\t\t<div class=\"elementor-element elementor-element-15b0ef6d elementor-widget elementor-widget-text-editor\" data-id=\"15b0ef6d\" data-element_type=\"widget\" data-e-type=\"widget\" data-widget_type=\"text-editor.default\">\n\t\t\t\t<div class=\"elementor-widget-container\">\n\t\t\t\t\t\t\t\t\t\n<p>Das Hauptziel unserer Personalpolitik ist die Auswahl der geeigneten Humanressourcen f\u00fcr unsere Unternehmensstruktur und Gestaltung einer gemeinsamen institutionellen Kultur, um mit der notwendigen Ausbildung, Entwicklung und Weiterbildung einen Wettbewerbsvorteil zu schaffen.<\/p>\n\n<p>Unser Mitarbeiter-Profil: Sie sind f\u00fcr Ver\u00e4nderung und Entwicklung offen, haben eine hohe Erfolgsmotivation, glauben an Teamarbeit und Teamgeist, nutzen die Ressourcen und die Zeit effektiv und verf\u00fcgen zugleich \u00fcber einem hohen Verantwortungsbewusstsein.<\/p>\n\t\t\t\t\t\t\t\t<\/div>\n\t\t\t\t<\/div>\n\t\t\t\t<div class=\"elementor-element elementor-element-45cec90 elementor-widget elementor-widget-heading\" data-id=\"45cec90\" data-element_type=\"widget\" data-e-type=\"widget\" data-widget_type=\"heading.default\">\n\t\t\t\t<div class=\"elementor-widget-container\">\n\t\t\t\t\t<h2 class=\"elementor-heading-title elementor-size-default\">Fortschritt des Prozesses<\/h2>\t\t\t\t<\/div>\n\t\t\t\t<\/div>\n\t\t\t\t<div class=\"elementor-element elementor-element-6e1e7e2 elementor-widget elementor-widget-text-editor\" data-id=\"6e1e7e2\" data-element_type=\"widget\" data-e-type=\"widget\" data-widget_type=\"text-editor.default\">\n\t\t\t\t<div class=\"elementor-widget-container\">\n\t\t\t\t\t\t\t\t\t\n<p>Beim kompetenzspezifischen Auswahlprozess und Vermittlungsprozess arbeiten die HR-Manager und die Abteilungsleiter zusammen, um sicherzustellen, dass die Mitarbeiter am richtigen Platz eingesetzt worden sind. HR verwaltet den vorlaeufigen Auswertungsprozess und laedt den Kandidaten zum Vorstellungsgespraech ein. Die Anpassung des Kandidaten zum institutionellen Kultur und die \u00dcbereinstimmung der Stellenanforderungen mit den Qualifikationen des Kandidaten werden \u00fcberpr\u00fcft. Danach findet ein Gespraech mit dem Abteilungsleiter statt, um die beruflichen Kenntnisse des Kandidaten zu bewerten. Wenn der Auswahlprozess abgeschlossen ist, wird der Kandidat dar\u00fcber informiert.<\/p>\n\t\t\t\t\t\t\t\t<\/div>\n\t\t\t\t<\/div>\n\t\t\t\t\t<\/div>\n\t\t\t\t<\/div>\n\t\t<div class=\"elementor-element elementor-element-4eeaa26 e-flex e-con-boxed e-con e-parent\" data-id=\"4eeaa26\" data-element_type=\"container\" data-e-type=\"container\">\n\t\t\t\t\t<div class=\"e-con-inner\">\n\t\t<div class=\"elementor-element elementor-element-f756b55 e-con-full e-flex e-con e-child\" data-id=\"f756b55\" data-element_type=\"container\" data-e-type=\"container\">\n\t\t\t\t<div class=\"elementor-element elementor-element-9961ca2 elementor-widget elementor-widget-image\" data-id=\"9961ca2\" data-element_type=\"widget\" data-e-type=\"widget\" data-widget_type=\"image.default\">\n\t\t\t\t<div class=\"elementor-widget-container\">\n\t\t\t\t\t\t\t\t\t\t\t\t\t\t\t\t<a href=\"https:\/\/www.kariyer.net\/firma-profil\/marmara-siegener-galvaniz-san-ve-tic-a-s-15243-5750\" target=\"_blank\" rel=\"noopener\">\n\t\t\t\t\t\t\t<img decoding=\"async\" width=\"164\" height=\"55\" src=\"https:\/\/www.galvaniz.com\/wp-content\/uploads\/2024\/01\/kariyher-net-logo.jpg\" class=\"attachment-large size-large wp-image-13030\" alt=\"\" srcset=\"https:\/\/www.galvaniz.com\/wp-content\/uploads\/2024\/01\/kariyher-net-logo.jpg 164w, https:\/\/www.galvaniz.com\/wp-content\/uploads\/2024\/01\/kariyher-net-logo-18x6.jpg 18w\" sizes=\"(max-width: 164px) 100vw, 164px\" \/>\t\t\t\t\t\t\t\t<\/a>\n\t\t\t\t\t\t\t\t\t\t\t\t\t\t\t<\/div>\n\t\t\t\t<\/div>\n\t\t\t\t<div class=\"elementor-element elementor-element-7a5a980 elementor-widget elementor-widget-image\" data-id=\"7a5a980\" data-element_type=\"widget\" data-e-type=\"widget\" data-widget_type=\"image.default\">\n\t\t\t\t<div class=\"elementor-widget-container\">\n\t\t\t\t\t\t\t\t\t\t\t\t\t\t\t<img fetchpriority=\"high\" decoding=\"async\" width=\"611\" height=\"798\" src=\"https:\/\/www.galvaniz.com\/wp-content\/uploads\/2024\/01\/insan-kaynaklari-form-1.jpg\" class=\"attachment-large size-large wp-image-12967\" alt=\"\" srcset=\"https:\/\/www.galvaniz.com\/wp-content\/uploads\/2024\/01\/insan-kaynaklari-form-1.jpg 611w, https:\/\/www.galvaniz.com\/wp-content\/uploads\/2024\/01\/insan-kaynaklari-form-1-230x300.jpg 230w, https:\/\/www.galvaniz.com\/wp-content\/uploads\/2024\/01\/insan-kaynaklari-form-1-9x12.jpg 9w\" sizes=\"(max-width: 611px) 100vw, 611px\" \/>\t\t\t\t\t\t\t\t\t\t\t\t\t\t\t<\/div>\n\t\t\t\t<\/div>\n\t\t\t\t<\/div>\n\t\t<div class=\"elementor-element elementor-element-e7c266b e-con-full e-flex e-con e-child\" data-id=\"e7c266b\" data-element_type=\"container\" data-e-type=\"container\">\n\t\t\t\t<div class=\"elementor-element elementor-element-2ecaa80 elementor-widget elementor-widget-heading\" data-id=\"2ecaa80\" data-element_type=\"widget\" data-e-type=\"widget\" data-widget_type=\"heading.default\">\n\t\t\t\t<div class=\"elementor-widget-container\">\n\t\t\t\t\t<h2 class=\"elementor-heading-title elementor-size-default\">Bewerbung<\/h2>\t\t\t\t<\/div>\n\t\t\t\t<\/div>\n\t\t<div class=\"elementor-element elementor-element-d1570de e-flex e-con-boxed e-con e-child\" data-id=\"d1570de\" data-element_type=\"container\" data-e-type=\"container\">\n\t\t\t\t\t<div class=\"e-con-inner\">\n\t\t\t\t<div class=\"elementor-element elementor-element-2d04707 elementor-widget__width-initial elementor-widget elementor-widget-ld_cf722\" data-id=\"2d04707\" data-element_type=\"widget\" data-e-type=\"widget\" data-widget_type=\"ld_cf722.default\">\n\t\t\t\t<div class=\"elementor-widget-container\">\n\t\t\t\t\t\n\t<div class=\"lqd-contact-form\">\n\t\t\n<div class=\"wpcf7 no-js\" id=\"wpcf7-f16657-o1\" lang=\"tr-TR\" dir=\"ltr\" data-wpcf7-id=\"16657\">\n<div class=\"screen-reader-response\"><p role=\"status\" aria-live=\"polite\" aria-atomic=\"true\"><\/p> <ul><\/ul><\/div>\n<form action=\"\/de\/wp-json\/wp\/v2\/pages\/10636#wpcf7-f16657-o1\" method=\"post\" class=\"wpcf7-form init\" aria-label=\"Contact form\" enctype=\"multipart\/form-data\" novalidate=\"novalidate\" data-status=\"init\" data-trp-original-action=\"\/de\/wp-json\/wp\/v2\/pages\/10636#wpcf7-f16657-o1\">\n<fieldset class=\"hidden-fields-container\"><input type=\"hidden\" name=\"_wpcf7\" value=\"16657\" \/><input type=\"hidden\" name=\"_wpcf7_version\" value=\"6.1.5\" \/><input type=\"hidden\" name=\"_wpcf7_locale\" value=\"tr_TR\" \/><input type=\"hidden\" name=\"_wpcf7_unit_tag\" value=\"wpcf7-f16657-o1\" \/><input type=\"hidden\" name=\"_wpcf7_container_post\" value=\"0\" \/><input type=\"hidden\" name=\"_wpcf7_posted_data_hash\" value=\"\" \/><input type=\"hidden\" name=\"_wpcf7_recaptcha_response\" value=\"\" \/>\n<\/fieldset>\n<p><label> Ihr Name und Nachname<br \/>\n<span class=\"wpcf7-form-control-wrap\" data-name=\"your-name\"><input size=\"40\" maxlength=\"400\" class=\"wpcf7-form-control wpcf7-text wpcf7-validates-as-required\" autocomplete=\"name\" aria-required=\"true\" aria-invalid=\"false\" value=\"\" type=\"text\" name=\"your-name\" \/><\/span> <\/label>\n<\/p>\n<p><label> Ihre E-Mail Adresse<br \/>\n<span class=\"wpcf7-form-control-wrap\" data-name=\"your-email\"><input size=\"40\" maxlength=\"400\" class=\"wpcf7-form-control wpcf7-email wpcf7-validates-as-required wpcf7-text wpcf7-validates-as-email\" autocomplete=\"email\" aria-required=\"true\" aria-invalid=\"false\" value=\"\" type=\"email\" name=\"your-email\" \/><\/span> <\/label>\n<\/p>\n<p><label>Ihre Telefonnummer<\/label><br \/>\n<span class=\"wpcf7-form-control-wrap\" data-name=\"telefon\"><input size=\"40\" maxlength=\"400\" class=\"wpcf7-form-control wpcf7-tel wpcf7-text wpcf7-validates-as-tel\" aria-invalid=\"false\" placeholder=\"05\" value=\"\" type=\"tel\" name=\"telefon\" \/><\/span>\n<\/p>\n<p><label>CV<br \/>\n( Sadece PDF y\u00fckleyiniz.Dosya boyutu Maksimum 7MB olmal\u0131d\u0131r.)<br \/>\n<span class=\"wpcf7-form-control-wrap\" data-name=\"cvyukle\"><input size=\"40\" class=\"wpcf7-form-control wpcf7-file\" accept=\".pdf\" aria-invalid=\"false\" type=\"file\" name=\"cvyukle\" \/><\/span><br \/>\n<\/label>\n<\/p>\n<p><label> Stellen Sie sich kurz vor<br \/>\n<span class=\"wpcf7-form-control-wrap\" data-name=\"your-message\"><textarea cols=\"40\" rows=\"10\" maxlength=\"2000\" class=\"wpcf7-form-control wpcf7-textarea\" aria-invalid=\"false\" name=\"your-message\"><\/textarea><\/span> <\/label>\n<\/p>\n<p><input class=\"wpcf7-form-control wpcf7-submit has-spinner\" type=\"submit\" value=\"Senden Sie\" \/>\n<\/p><div class=\"wpcf7-response-output\" aria-hidden=\"true\"><\/div>\n<input type=\"hidden\" name=\"trp-form-language\" value=\"de\"\/><\/form>\n<\/div>\n\t<\/div>\n\n\t\t\t\t\t<\/div>\n\t\t\t\t<\/div>\n\t\t\t\t\t<\/div>\n\t\t\t\t<\/div>\n\t\t\t\t<\/div>\n\t\t\t\t\t<\/div>\n\t\t\t\t<\/div>\n\t\t<div class=\"elementor-element elementor-element-c7111df e-flex e-con-boxed e-con e-parent\" data-id=\"c7111df\" data-element_type=\"container\" data-e-type=\"container\">\n\t\t\t\t\t<div class=\"e-con-inner\">\n\t\t\t\t<div class=\"elementor-element elementor-element-4f26dd6 elementor-widget elementor-widget-spacer\" data-id=\"4f26dd6\" data-element_type=\"widget\" data-e-type=\"widget\" data-widget_type=\"spacer.default\">\n\t\t\t\t<div class=\"elementor-widget-container\">\n\t\t\t\t\t\t\t<div class=\"elementor-spacer\">\n\t\t\t<div class=\"elementor-spacer-inner\"><\/div>\n\t\t<\/div>\n\t\t\t\t\t\t<\/div>\n\t\t\t\t<\/div>\n\t\t\t\t\t<\/div>\n\t\t\t\t<\/div>\n\t\t\t\t<\/div>","protected":false},"excerpt":{"rendered":"<p>\u0130nsan Kaynaklar\u0131 Politikam\u0131z \u0130nsan Kaynaklar\u0131 Politikam\u0131z \u0130nsan Kaynaklar\u0131 Politikam\u0131z\u0131n temel hedefi; \u015eirketimizin kurumsal yap\u0131s\u0131na uygun insan kayna\u011f\u0131n\u0131n se\u00e7ilmesi ve rekabet avantaj\u0131 yaratmaya y\u00f6nelik gerekli e\u011fitim, geli\u015fim ve yeti\u015ftirme faaliyetlerinin ger\u00e7ekle\u015ftirilmesinin sa\u011flanmas\u0131 ile ortak bir kurum k\u00fclt\u00fcr\u00fcn\u00fcn olu\u015fturulmas\u0131d\u0131r. \u00c7al\u0131\u015fan profilimiz; de\u011fi\u015fim ve geli\u015fime a\u00e7\u0131k, ba\u015far\u0131 motivasyonu y\u00fcksek, ekip \u00e7al\u0131\u015fmas\u0131na tak\u0131m ruhuna inanan, kaynaklar\u0131n\u0131 ve zaman\u0131 do\u011fru [&hellip;]<\/p>","protected":false},"author":1,"featured_media":0,"parent":0,"menu_order":0,"comment_status":"closed","ping_status":"closed","template":"","meta":{"inline_featured_image":false,"footnotes":""},"class_list":["post-10636","page","type-page","status-publish","hentry"],"_links":{"self":[{"href":"https:\/\/www.galvaniz.com\/de\/wp-json\/wp\/v2\/pages\/10636","targetHints":{"allow":["GET"]}}],"collection":[{"href":"https:\/\/www.galvaniz.com\/de\/wp-json\/wp\/v2\/pages"}],"about":[{"href":"https:\/\/www.galvaniz.com\/de\/wp-json\/wp\/v2\/types\/page"}],"author":[{"embeddable":true,"href":"https:\/\/www.galvaniz.com\/de\/wp-json\/wp\/v2\/users\/1"}],"replies":[{"embeddable":true,"href":"https:\/\/www.galvaniz.com\/de\/wp-json\/wp\/v2\/comments?post=10636"}],"version-history":[{"count":0,"href":"https:\/\/www.galvaniz.com\/de\/wp-json\/wp\/v2\/pages\/10636\/revisions"}],"wp:attachment":[{"href":"https:\/\/www.galvaniz.com\/de\/wp-json\/wp\/v2\/media?parent=10636"}],"curies":[{"name":"wp","href":"https:\/\/api.w.org\/{rel}","templated":true}]}}