{"id":10904,"date":"2023-12-07T08:48:35","date_gmt":"2023-12-07T05:48:35","guid":{"rendered":"https:\/\/www.galvaniz.com\/?page_id=10904"},"modified":"2024-03-12T11:20:14","modified_gmt":"2024-03-12T08:20:14","slug":"surdurulebilirlik","status":"publish","type":"page","link":"https:\/\/www.galvaniz.com\/de\/surdurulebilirlik\/","title":{"rendered":"Nachhaltigkeit"},"content":{"rendered":"<div data-elementor-type=\"wp-page\" data-elementor-id=\"10904\" class=\"elementor elementor-10904\">\n\t\t\t\t<div class=\"elementor-element elementor-element-a144703 e-con-full elementor-hidden-mobile e-flex e-con e-parent\" data-id=\"a144703\" data-element_type=\"container\" data-e-type=\"container\" data-settings=\"{&quot;background_background&quot;:&quot;classic&quot;}\">\n\t\t\t\t<div class=\"elementor-element elementor-element-48ca52b elementor-hidden-mobile elementor-widget elementor-widget-heading\" data-id=\"48ca52b\" data-element_type=\"widget\" data-e-type=\"widget\" data-widget_type=\"heading.default\">\n\t\t\t\t<div class=\"elementor-widget-container\">\n\t\t\t\t\t<h2 class=\"elementor-heading-title elementor-size-default\">Nachhaltigkeit<\/h2>\t\t\t\t<\/div>\n\t\t\t\t<\/div>\n\t\t\t\t<\/div>\n\t\t<div class=\"elementor-element elementor-element-c681faa e-con-full e-flex e-con e-parent\" data-id=\"c681faa\" data-element_type=\"container\" data-e-type=\"container\" data-settings=\"{&quot;background_background&quot;:&quot;classic&quot;}\">\n\t\t<div class=\"elementor-element elementor-element-5a286ce e-flex e-con-boxed e-con e-child\" data-id=\"5a286ce\" data-element_type=\"container\" data-e-type=\"container\">\n\t\t\t\t\t<div class=\"e-con-inner\">\n\t\t\t\t<div class=\"elementor-element elementor-element-4e4f209 elementor-widget elementor-widget-nav-menu\" data-id=\"4e4f209\" data-element_type=\"widget\" data-e-type=\"widget\" data-widget_type=\"nav-menu.default\">\n\t\t\t\t<div class=\"elementor-widget-container\">\n\t\t\t\t\t \t\t\t\t<\/div>\n\t\t\t\t<\/div>\n\t\t\t\t\t<\/div>\n\t\t\t\t<\/div>\n\t\t\t\t<\/div>\n\t\t<div class=\"elementor-element elementor-element-5433068 e-flex e-con-boxed e-con e-parent\" data-id=\"5433068\" data-element_type=\"container\" data-e-type=\"container\" data-settings=\"{&quot;background_background&quot;:&quot;gradient&quot;}\">\n\t\t\t\t\t<div class=\"e-con-inner\">\n\t\t\t\t<div class=\"elementor-element elementor-element-aeb4e23 elementor-widget elementor-widget-ld_blog\" data-id=\"aeb4e23\" data-element_type=\"widget\" data-e-type=\"widget\" data-widget_type=\"ld_blog.default\">\n\t\t\t\t<div class=\"elementor-widget-container\">\n\t\t\t\t\t<div class=\"lqd-lp-grid aeb4e23 blog-id-183193123\"><div class=\"lqd-lp-row row pos-rel d-flex flex-wrap\" ><div class=\"lqd-lp-column d-flex flex-column col-md-6 col-sm-6 surdurulebilirlik\"><article id=\"post-17064\" class=\"lqd-lp pos-rel lqd-lp lqd-lp-style-16 text-start post-17064 post type-post status-publish format-standard has-post-thumbnail hentry category-surdurulebilirlik tag-galvaniz\">\n\n<div class=\"lqd-lp-img border-radius-4 overflow-hidden pos-rel mb-5\">\n\t<figure class=\"pos-rel bg-cover bg-center w-100\"><img fetchpriority=\"high\" decoding=\"async\" width=\"720\" height=\"400\" src=\"https:\/\/www.galvaniz.com\/wp-content\/uploads\/2024\/07\/yenilenebilir-enerjiyle-enflasyonu-dusurmek-720x400.jpg\" class=\"w-100 wp-post-image\" alt=\"\" \/><\/figure><\/div>\n\n<header class=\"lqd-lp-header mb-3\">\n\t<h2 class=\"entry-title lqd-lp-title h5 m-0\"><a href=\"https:\/\/www.galvaniz.com\/de\/yenilenebilir-enerjiyle-enflasyonu-dusurmek-de-mumkun\/\" rel=\"bookmark\">Yenilenebilir Enerjiyle Enflasyonu D\u00fc\u015f\u00fcrmek de M\u00fcmk\u00fcn!<\/a><\/h2><\/header>\n\n\t\t\t<div class=\"lqd-lp-excerpt mb-3\">\n\t\t\t\t\t\t\t<\/div>\n\t\t\n<footer class=\"lqd-lp-footer pos-rel z-index-2 pt-1\">\n\t<a href=\"https:\/\/www.galvaniz.com\/de\/yenilenebilir-enerjiyle-enflasyonu-dusurmek-de-mumkun\/\" class=\"btn btn-naked text-uppercase ltr-sp-1 size-sm font-weight-bold lqd-lp-read-more\">\n\t\t<span class=\"btn-line btn-line-before d-inline-block pos-rel\"><\/span>\n\t\t<span class=\"btn-txt d-inline-block\">Continue Reading<\/span>\n\t\t<span class=\"btn-line btn-line-after d-inline-block pos-rel\">\n\t\t\t<svg class=\"d-inline-block pos-abs\" xmlns=\"http:\/\/www.w3.org\/2000\/svg\" width=\"12\" height=\"32\" viewbox=\"0 0 12 32\" style=\"height: 2em;\"><path fill=\"currentColor\" d=\"M8.375 16L.437 8.062C-.125 7.5-.125 6.5.438 5.938s1.563-.563 2.126 0l9 9c.562.562.624 1.5.062 2.062l-9.063 9.063c-.312.312-.687.437-1.062.437s-.75-.125-1.063-.438c-.562-.562-.562-1.562 0-2.125z\"><\/path><\/svg>\n\t\t<\/span>\n\t<\/a>\n<\/footer>\n\n<a href=\"https:\/\/www.galvaniz.com\/de\/yenilenebilir-enerjiyle-enflasyonu-dusurmek-de-mumkun\/\" class=\"lqd-lp-overlay-link lqd-overlay z-index-2\" tab-index=\"-1\"><\/a>\n<\/article><\/div><div class=\"lqd-lp-column d-flex flex-column col-md-6 col-sm-6 surdurulebilirlik\"><article id=\"post-16336\" class=\"lqd-lp pos-rel lqd-lp lqd-lp-style-16 text-start post-16336 post type-post status-publish format-standard has-post-thumbnail hentry category-surdurulebilirlik tag-galvaniz\">\n\n<div class=\"lqd-lp-img border-radius-4 overflow-hidden pos-rel mb-5\">\n\t<figure class=\"pos-rel bg-cover bg-center w-100\"><img decoding=\"async\" width=\"720\" height=\"400\" src=\"https:\/\/www.galvaniz.com\/wp-content\/uploads\/2024\/03\/surdurebilirlik-ma-galva-2-720x400.jpg\" class=\"w-100 wp-post-image\" alt=\"\" \/><\/figure><\/div>\n\n<header class=\"lqd-lp-header mb-3\">\n\t<h2 class=\"entry-title lqd-lp-title h5 m-0\"><a href=\"https:\/\/www.galvaniz.com\/de\/cop28de-ulkeler-anlasti-fosil-yakittan-uzaklasilacak\/\" rel=\"bookmark\">Cop28&#39;de \u00fclkeler anla\u015ft\u0131: Fosil yak\u0131ttan uzakla\u015f\u0131lacak\u2026<\/a><\/h2><\/header>\n\n\t\t\t<div class=\"lqd-lp-excerpt mb-3\">\n\t\t\t\t\t\t\t<\/div>\n\t\t\n<footer class=\"lqd-lp-footer pos-rel z-index-2 pt-1\">\n\t<a href=\"https:\/\/www.galvaniz.com\/de\/cop28de-ulkeler-anlasti-fosil-yakittan-uzaklasilacak\/\" class=\"btn btn-naked text-uppercase ltr-sp-1 size-sm font-weight-bold lqd-lp-read-more\">\n\t\t<span class=\"btn-line btn-line-before d-inline-block pos-rel\"><\/span>\n\t\t<span class=\"btn-txt d-inline-block\">Continue Reading<\/span>\n\t\t<span class=\"btn-line btn-line-after d-inline-block pos-rel\">\n\t\t\t<svg class=\"d-inline-block pos-abs\" xmlns=\"http:\/\/www.w3.org\/2000\/svg\" width=\"12\" height=\"32\" viewbox=\"0 0 12 32\" style=\"height: 2em;\"><path fill=\"currentColor\" d=\"M8.375 16L.437 8.062C-.125 7.5-.125 6.5.438 5.938s1.563-.563 2.126 0l9 9c.562.562.624 1.5.062 2.062l-9.063 9.063c-.312.312-.687.437-1.062.437s-.75-.125-1.063-.438c-.562-.562-.562-1.562 0-2.125z\"><\/path><\/svg>\n\t\t<\/span>\n\t<\/a>\n<\/footer>\n\n<a href=\"https:\/\/www.galvaniz.com\/de\/cop28de-ulkeler-anlasti-fosil-yakittan-uzaklasilacak\/\" class=\"lqd-lp-overlay-link lqd-overlay z-index-2\" tab-index=\"-1\"><\/a>\n<\/article><\/div><div class=\"lqd-lp-column d-flex flex-column col-md-6 col-sm-6 surdurulebilirlik\"><article id=\"post-16315\" class=\"lqd-lp pos-rel lqd-lp lqd-lp-style-16 text-start post-16315 post type-post status-publish format-standard has-post-thumbnail hentry category-surdurulebilirlik tag-galvaniz\">\n\n<div class=\"lqd-lp-img border-radius-4 overflow-hidden pos-rel mb-5\">\n\t<figure class=\"pos-rel bg-cover bg-center w-100\"><img decoding=\"async\" width=\"720\" height=\"400\" src=\"https:\/\/www.galvaniz.com\/wp-content\/uploads\/2024\/03\/resim2-720x400.jpg\" class=\"w-100 wp-post-image\" alt=\"\" \/><\/figure><\/div>\n\n<header class=\"lqd-lp-header mb-3\">\n\t<h2 class=\"entry-title lqd-lp-title h5 m-0\"><a href=\"https:\/\/www.galvaniz.com\/de\/ab-ulkelerinden-10u-2035e-kadar-elektrik-sisteminden-fosil-yakitlari-cikarmak-icin-uzlasti\/\" rel=\"bookmark\">AB \u00fclkelerinden 10&#39;u 2035\u2019e kadar elektrik sisteminden fosil yak\u0131tlar\u0131 \u00e7\u0131karmak i\u00e7in uzla\u015ft\u0131<\/a><\/h2><\/header>\n\n\t\t\t<div class=\"lqd-lp-excerpt mb-3\">\n\t\t\t\t\t\t\t<\/div>\n\t\t\n<footer class=\"lqd-lp-footer pos-rel z-index-2 pt-1\">\n\t<a href=\"https:\/\/www.galvaniz.com\/de\/ab-ulkelerinden-10u-2035e-kadar-elektrik-sisteminden-fosil-yakitlari-cikarmak-icin-uzlasti\/\" class=\"btn btn-naked text-uppercase ltr-sp-1 size-sm font-weight-bold lqd-lp-read-more\">\n\t\t<span class=\"btn-line btn-line-before d-inline-block pos-rel\"><\/span>\n\t\t<span class=\"btn-txt d-inline-block\">Continue Reading<\/span>\n\t\t<span class=\"btn-line btn-line-after d-inline-block pos-rel\">\n\t\t\t<svg class=\"d-inline-block pos-abs\" xmlns=\"http:\/\/www.w3.org\/2000\/svg\" width=\"12\" height=\"32\" viewbox=\"0 0 12 32\" style=\"height: 2em;\"><path fill=\"currentColor\" d=\"M8.375 16L.437 8.062C-.125 7.5-.125 6.5.438 5.938s1.563-.563 2.126 0l9 9c.562.562.624 1.5.062 2.062l-9.063 9.063c-.312.312-.687.437-1.062.437s-.75-.125-1.063-.438c-.562-.562-.562-1.562 0-2.125z\"><\/path><\/svg>\n\t\t<\/span>\n\t<\/a>\n<\/footer>\n\n<a href=\"https:\/\/www.galvaniz.com\/de\/ab-ulkelerinden-10u-2035e-kadar-elektrik-sisteminden-fosil-yakitlari-cikarmak-icin-uzlasti\/\" class=\"lqd-lp-overlay-link lqd-overlay z-index-2\" tab-index=\"-1\"><\/a>\n<\/article><\/div><div class=\"lqd-lp-column d-flex flex-column col-md-6 col-sm-6 surdurulebilirlik\"><article id=\"post-16558\" class=\"lqd-lp pos-rel lqd-lp lqd-lp-style-16 text-start post-16558 post type-post status-publish format-standard has-post-thumbnail hentry category-surdurulebilirlik tag-galvaniz\">\n\n<div class=\"lqd-lp-img border-radius-4 overflow-hidden pos-rel mb-5\">\n\t<figure class=\"pos-rel bg-cover bg-center w-100\"><img loading=\"lazy\" decoding=\"async\" width=\"720\" height=\"400\" src=\"https:\/\/www.galvaniz.com\/wp-content\/uploads\/2024\/03\/cop-28-2023-sicak-galvanizleme-ana-gorsel-720x400.jpg\" class=\"w-100 wp-post-image\" alt=\"\" \/><\/figure><\/div>\n\n<header class=\"lqd-lp-header mb-3\">\n\t<h2 class=\"entry-title lqd-lp-title h5 m-0\"><a href=\"https:\/\/www.galvaniz.com\/de\/cop28-iklim-konferansi-ve-sicak-daldirma-galvanizleme\/\" rel=\"bookmark\">COP28 \u0130klim Konferans\u0131 ve S\u0131cak Dald\u0131rma Galvanizleme<\/a><\/h2><\/header>\n\n\t\t\t<div class=\"lqd-lp-excerpt mb-3\">\n\t\t\t\t\t\t\t<\/div>\n\t\t\n<footer class=\"lqd-lp-footer pos-rel z-index-2 pt-1\">\n\t<a href=\"https:\/\/www.galvaniz.com\/de\/cop28-iklim-konferansi-ve-sicak-daldirma-galvanizleme\/\" class=\"btn btn-naked text-uppercase ltr-sp-1 size-sm font-weight-bold lqd-lp-read-more\">\n\t\t<span class=\"btn-line btn-line-before d-inline-block pos-rel\"><\/span>\n\t\t<span class=\"btn-txt d-inline-block\">Continue Reading<\/span>\n\t\t<span class=\"btn-line btn-line-after d-inline-block pos-rel\">\n\t\t\t<svg class=\"d-inline-block pos-abs\" xmlns=\"http:\/\/www.w3.org\/2000\/svg\" width=\"12\" height=\"32\" viewbox=\"0 0 12 32\" style=\"height: 2em;\"><path fill=\"currentColor\" d=\"M8.375 16L.437 8.062C-.125 7.5-.125 6.5.438 5.938s1.563-.563 2.126 0l9 9c.562.562.624 1.5.062 2.062l-9.063 9.063c-.312.312-.687.437-1.062.437s-.75-.125-1.063-.438c-.562-.562-.562-1.562 0-2.125z\"><\/path><\/svg>\n\t\t<\/span>\n\t<\/a>\n<\/footer>\n\n<a href=\"https:\/\/www.galvaniz.com\/de\/cop28-iklim-konferansi-ve-sicak-daldirma-galvanizleme\/\" class=\"lqd-lp-overlay-link lqd-overlay z-index-2\" tab-index=\"-1\"><\/a>\n<\/article><\/div><div class=\"lqd-lp-column d-flex flex-column col-md-6 col-sm-6 surdurulebilirlik\"><article id=\"post-16627\" class=\"lqd-lp pos-rel lqd-lp lqd-lp-style-16 text-start post-16627 post type-post status-publish format-standard has-post-thumbnail hentry category-surdurulebilirlik tag-galvaniz\">\n\n<div class=\"lqd-lp-img border-radius-4 overflow-hidden pos-rel mb-5\">\n\t<figure class=\"pos-rel bg-cover bg-center w-100\"><img loading=\"lazy\" decoding=\"async\" width=\"720\" height=\"400\" src=\"https:\/\/www.galvaniz.com\/wp-content\/uploads\/2024\/03\/insaat-demirlerinde-rebar-korozyon-720x400.jpg\" class=\"w-100 wp-post-image\" alt=\"\" srcset=\"https:\/\/www.galvaniz.com\/wp-content\/uploads\/2024\/03\/insaat-demirlerinde-rebar-korozyon-720x400.jpg 720w, https:\/\/www.galvaniz.com\/wp-content\/uploads\/2024\/03\/insaat-demirlerinde-rebar-korozyon-18x10.jpg 18w\" sizes=\"(max-width: 720px) 100vw, 720px\" \/><\/figure><\/div>\n\n<header class=\"lqd-lp-header mb-3\">\n\t<h2 class=\"entry-title lqd-lp-title h5 m-0\"><a href=\"https:\/\/www.galvaniz.com\/de\/insaat-demirlerinde-rebar-korozyon-riski-ve-sicak-daldirma-galvaniz-kullanimi-faydalari\/\" rel=\"bookmark\">\u0130n\u015faat Demirlerinde (Rebar) Korozyon Riski ve S\u0131cak Dald\u0131rma Galvaniz Kullan\u0131m\u0131, Faydalar\u0131<\/a><\/h2><\/header>\n\n\t\t\t<div class=\"lqd-lp-excerpt mb-3\">\n\t\t\t\t\t\t\t<\/div>\n\t\t\n<footer class=\"lqd-lp-footer pos-rel z-index-2 pt-1\">\n\t<a href=\"https:\/\/www.galvaniz.com\/de\/insaat-demirlerinde-rebar-korozyon-riski-ve-sicak-daldirma-galvaniz-kullanimi-faydalari\/\" class=\"btn btn-naked text-uppercase ltr-sp-1 size-sm font-weight-bold lqd-lp-read-more\">\n\t\t<span class=\"btn-line btn-line-before d-inline-block pos-rel\"><\/span>\n\t\t<span class=\"btn-txt d-inline-block\">Continue Reading<\/span>\n\t\t<span class=\"btn-line btn-line-after d-inline-block pos-rel\">\n\t\t\t<svg class=\"d-inline-block pos-abs\" xmlns=\"http:\/\/www.w3.org\/2000\/svg\" width=\"12\" height=\"32\" viewbox=\"0 0 12 32\" style=\"height: 2em;\"><path fill=\"currentColor\" d=\"M8.375 16L.437 8.062C-.125 7.5-.125 6.5.438 5.938s1.563-.563 2.126 0l9 9c.562.562.624 1.5.062 2.062l-9.063 9.063c-.312.312-.687.437-1.062.437s-.75-.125-1.063-.438c-.562-.562-.562-1.562 0-2.125z\"><\/path><\/svg>\n\t\t<\/span>\n\t<\/a>\n<\/footer>\n\n<a href=\"https:\/\/www.galvaniz.com\/de\/insaat-demirlerinde-rebar-korozyon-riski-ve-sicak-daldirma-galvaniz-kullanimi-faydalari\/\" class=\"lqd-lp-overlay-link lqd-overlay z-index-2\" tab-index=\"-1\"><\/a>\n<\/article><\/div><\/div><!--\/ .row --><\/div><!--\/ .lqd-lp-grid -->\t\t\t\t<\/div>\n\t\t\t\t<\/div>\n\t\t\t\t\t<\/div>\n\t\t\t\t<\/div>\n\t\t<div class=\"elementor-element elementor-element-07a4730 e-flex e-con-boxed e-con e-parent\" data-id=\"07a4730\" data-element_type=\"container\" data-e-type=\"container\" data-settings=\"{&quot;background_background&quot;:&quot;classic&quot;}\">\n\t\t\t\t\t<div class=\"e-con-inner\">\n\t\t\t\t<div class=\"elementor-element elementor-element-adb44e6 elementor-widget elementor-widget-spacer\" data-id=\"adb44e6\" data-element_type=\"widget\" data-e-type=\"widget\" data-widget_type=\"spacer.default\">\n\t\t\t\t<div class=\"elementor-widget-container\">\n\t\t\t\t\t\t\t<div class=\"elementor-spacer\">\n\t\t\t<div class=\"elementor-spacer-inner\"><\/div>\n\t\t<\/div>\n\t\t\t\t\t\t<\/div>\n\t\t\t\t<\/div>\n\t\t\t\t\t<\/div>\n\t\t\t\t<\/div>\n\t\t\t\t<\/div>","protected":false},"excerpt":{"rendered":"","protected":false},"author":1,"featured_media":0,"parent":0,"menu_order":0,"comment_status":"closed","ping_status":"closed","template":"","meta":{"inline_featured_image":false,"footnotes":""},"class_list":["post-10904","page","type-page","status-publish","hentry"],"_links":{"self":[{"href":"https:\/\/www.galvaniz.com\/de\/wp-json\/wp\/v2\/pages\/10904","targetHints":{"allow":["GET"]}}],"collection":[{"href":"https:\/\/www.galvaniz.com\/de\/wp-json\/wp\/v2\/pages"}],"about":[{"href":"https:\/\/www.galvaniz.com\/de\/wp-json\/wp\/v2\/types\/page"}],"author":[{"embeddable":true,"href":"https:\/\/www.galvaniz.com\/de\/wp-json\/wp\/v2\/users\/1"}],"replies":[{"embeddable":true,"href":"https:\/\/www.galvaniz.com\/de\/wp-json\/wp\/v2\/comments?post=10904"}],"version-history":[{"count":0,"href":"https:\/\/www.galvaniz.com\/de\/wp-json\/wp\/v2\/pages\/10904\/revisions"}],"wp:attachment":[{"href":"https:\/\/www.galvaniz.com\/de\/wp-json\/wp\/v2\/media?parent=10904"}],"curies":[{"name":"wp","href":"https:\/\/api.w.org\/{rel}","templated":true}]}}